{"id":160,"date":"2022-01-10T23:00:48","date_gmt":"2022-01-10T23:00:48","guid":{"rendered":"https:\/\/orendi.me\/our-brands\/"},"modified":"2022-06-27T13:02:50","modified_gmt":"2022-06-27T13:02:50","slug":"our-brands","status":"publish","type":"page","link":"https:\/\/orendi.me\/sq\/our-brands\/","title":{"rendered":"Brendet Tona"},"content":{"rendered":"<p>[vc_row][vc_column][orendi_brands title_ourprojects1=&#8221;DI\u00c7KA E RE GJDO DIT\u00cb&#8221; title_ourprojects2=&#8221;B&#038;T &#8211; DESIGN&#8221; title_ourprojects3=&#8221;DI\u00c7KA E RE GJDO DIT\u00cb&#8221; title_ourprojects4=&#8221;N\u00eb B&#038;T Design, ne e nisim \u00e7do dit\u00eb me nj\u00eb pyetje t\u00eb thjesht\u00eb: \u201c\u00c7far\u00eb mund t\u00eb b\u00ebjm\u00eb t\u00eb re sot q\u00eb do t\u00eb frym\u00ebzoj\u00eb njer\u00ebzit? Si rezultat i k\u00ebsaj pyetjeje, ne nuk dizajnojm\u00eb vet\u00ebm karrige, divane, pouf dhe tavolina, por edhe pamje, humor, emocione dhe ndjenja p\u00ebr hap\u00ebsira frym\u00ebzuese.&#8221; title_linkour=&#8221;B&#038;T &#8211; DESIGN Webfaqja&#8221; url=&#8221;url:https%3A%2F%2Fbt.design%2Fen-US%2F|title:https%3A%2F%2Fbt.design%2Fen-US%2F|target:_blank&#8221; slide_image=&#8221;113&#8243;][\/vc_column][\/vc_row][vc_row][vc_column][orendi_brands bg_color=&#8221;black&#8221; title_ourprojects1=&#8221;NJ\u00cb M\u00cbNYR\u00cb JETE, NJ\u00cb M\u00cbNYR\u00cb E T\u00cb QENURIT&#8221; title_ourprojects2=&#8221;Vondom&#8221; title_ourprojects3=&#8221;NJ\u00cb M\u00cbNYR\u00cb JETE, NJ\u00cb M\u00cbNYR\u00cb E T\u00cb QENURIT&#8221; title_ourprojects4=&#8221;Nj\u00eb m\u00ebnyr\u00eb jetese, nj\u00eb m\u00ebnyr\u00eb t\u00eb qenurit. Ky \u00ebsht\u00eb Vondom. Mobilje Vanguard In &#038; Out t\u00eb b\u00ebra me pasion. Dizanjuar nga dhe p\u00ebr njer\u00ebz dinamik\u00eb, novator\u00eb, tipa kureshtar\u00eb\u2026 si ju, q\u00eb shijoni mod\u00ebn dhe tendencat dhe k\u00ebrkoni cil\u00ebsin\u00eb m\u00eb t\u00eb mir\u00eb n\u00eb gjith\u00e7ka rreth tyre.&#8221; title_linkour=&#8221;Vondom &#8211; Webfaqja&#8221; url=&#8221;url:https%3A%2F%2Fwww.vondom.com%2F|title:https%3A%2F%2Fwww.vondom.com%2F|target:_blank&#8221; slide_image=&#8221;214&#8243;][\/vc_column][\/vc_row]<\/p>\n","protected":false},"excerpt":{"rendered":"<p>[vc_row][vc_column][orendi_brands title_ourprojects1=&#8221;DI\u00c7KA E RE GJDO DIT\u00cb&#8221; title_ourprojects2=&#8221;B&#038;T &#8211; DESIGN&#8221; title_ourprojects3=&#8221;DI\u00c7KA E RE GJDO DIT\u00cb&#8221; title_ourprojects4=&#8221;N\u00eb B&#038;T Design, ne e nisim \u00e7do dit\u00eb me nj\u00eb pyetje t\u00eb thjesht\u00eb: \u201c\u00c7far\u00eb mund t\u00eb b\u00ebjm\u00eb t\u00eb re sot q\u00eb do t\u00eb frym\u00ebzoj\u00eb njer\u00ebzit? Si rezultat i k\u00ebsaj pyetjeje, ne nuk dizajnojm\u00eb vet\u00ebm karrige, divane, pouf dhe tavolina, por edhe [&hellip;]<\/p>\n","protected":false},"author":1,"featured_media":150,"parent":0,"menu_order":0,"comment_status":"closed","ping_status":"closed","template":"template-main.php","meta":{"inline_featured_image":false,"footnotes":""},"class_list":["post-160","page","type-page","status-publish","has-post-thumbnail","hentry"],"yoast_head":"<!-- This site is optimized with the Yoast SEO plugin v25.5 - https:\/\/yoast.com\/wordpress\/plugins\/seo\/ -->\n<title>Brendet Tona - Orendi<\/title>\n<meta name=\"robots\" content=\"index, follow, max-snippet:-1, max-image-preview:large, max-video-preview:-1\" \/>\n<link rel=\"canonical\" href=\"https:\/\/orendi.me\/sq\/our-brands\/\" \/>\n<meta property=\"og:locale\" content=\"sq_AL\" \/>\n<meta property=\"og:type\" content=\"article\" \/>\n<meta property=\"og:title\" content=\"Brendet Tona - Orendi\" \/>\n<meta property=\"og:description\" content=\"[vc_row][vc_column][orendi_brands title_ourprojects1=&#8221;DI\u00c7KA E RE GJDO DIT\u00cb&#8221; title_ourprojects2=&#8221;B&#038;T &#8211; DESIGN&#8221; title_ourprojects3=&#8221;DI\u00c7KA E RE GJDO DIT\u00cb&#8221; title_ourprojects4=&#8221;N\u00eb B&#038;T Design, ne e nisim \u00e7do dit\u00eb me nj\u00eb pyetje t\u00eb thjesht\u00eb: \u201c\u00c7far\u00eb mund t\u00eb b\u00ebjm\u00eb t\u00eb re sot q\u00eb do t\u00eb frym\u00ebzoj\u00eb njer\u00ebzit? Si rezultat i k\u00ebsaj pyetjeje, ne nuk dizajnojm\u00eb vet\u00ebm karrige, divane, pouf dhe tavolina, por edhe [&hellip;]\" \/>\n<meta property=\"og:url\" content=\"https:\/\/orendi.me\/sq\/our-brands\/\" \/>\n<meta property=\"og:site_name\" content=\"Orendi\" \/>\n<meta property=\"article:modified_time\" content=\"2022-06-27T13:02:50+00:00\" \/>\n<meta property=\"og:image\" content=\"https:\/\/orendi.me\/wp-content\/uploads\/2022\/01\/2-1.jpeg\" \/>\n\t<meta property=\"og:image:width\" content=\"2560\" \/>\n\t<meta property=\"og:image:height\" content=\"1707\" \/>\n\t<meta property=\"og:image:type\" content=\"image\/jpeg\" \/>\n<meta name=\"twitter:card\" content=\"summary_large_image\" \/>\n<meta name=\"twitter:label1\" content=\"Est. reading time\" \/>\n\t<meta name=\"twitter:data1\" content=\"1 minute\" \/>\n<script type=\"application\/ld+json\" class=\"yoast-schema-graph\">{\"@context\":\"https:\/\/schema.org\",\"@graph\":[{\"@type\":\"WebPage\",\"@id\":\"https:\/\/orendi.me\/sq\/our-brands\/\",\"url\":\"https:\/\/orendi.me\/sq\/our-brands\/\",\"name\":\"Brendet Tona - Orendi\",\"isPartOf\":{\"@id\":\"https:\/\/orendi.me\/#website\"},\"primaryImageOfPage\":{\"@id\":\"https:\/\/orendi.me\/sq\/our-brands\/#primaryimage\"},\"image\":{\"@id\":\"https:\/\/orendi.me\/sq\/our-brands\/#primaryimage\"},\"thumbnailUrl\":\"https:\/\/orendi.me\/wp-content\/uploads\/2022\/01\/2-1.jpeg\",\"datePublished\":\"2022-01-10T23:00:48+00:00\",\"dateModified\":\"2022-06-27T13:02:50+00:00\",\"inLanguage\":\"sq-AL\",\"potentialAction\":[{\"@type\":\"ReadAction\",\"target\":[\"https:\/\/orendi.me\/sq\/our-brands\/\"]}]},{\"@type\":\"ImageObject\",\"inLanguage\":\"sq-AL\",\"@id\":\"https:\/\/orendi.me\/sq\/our-brands\/#primaryimage\",\"url\":\"https:\/\/orendi.me\/wp-content\/uploads\/2022\/01\/2-1.jpeg\",\"contentUrl\":\"https:\/\/orendi.me\/wp-content\/uploads\/2022\/01\/2-1.jpeg\",\"width\":2560,\"height\":1707},{\"@type\":\"WebSite\",\"@id\":\"https:\/\/orendi.me\/#website\",\"url\":\"https:\/\/orendi.me\/\",\"name\":\"Orendi\",\"description\":\"Orendi\",\"publisher\":{\"@id\":\"https:\/\/orendi.me\/#organization\"},\"potentialAction\":[{\"@type\":\"SearchAction\",\"target\":{\"@type\":\"EntryPoint\",\"urlTemplate\":\"https:\/\/orendi.me\/?s={search_term_string}\"},\"query-input\":{\"@type\":\"PropertyValueSpecification\",\"valueRequired\":true,\"valueName\":\"search_term_string\"}}],\"inLanguage\":\"sq-AL\"},{\"@type\":\"Organization\",\"@id\":\"https:\/\/orendi.me\/#organization\",\"name\":\"Orendi\",\"url\":\"https:\/\/orendi.me\/\",\"logo\":{\"@type\":\"ImageObject\",\"inLanguage\":\"sq-AL\",\"@id\":\"https:\/\/orendi.me\/#\/schema\/logo\/image\/\",\"url\":\"https:\/\/orendi.me\/wp-content\/uploads\/2022\/01\/logo.png\",\"contentUrl\":\"https:\/\/orendi.me\/wp-content\/uploads\/2022\/01\/logo.png\",\"width\":300,\"height\":300,\"caption\":\"Orendi\"},\"image\":{\"@id\":\"https:\/\/orendi.me\/#\/schema\/logo\/image\/\"}}]}<\/script>\n<!-- \/ Yoast SEO plugin. -->","yoast_head_json":{"title":"Brendet Tona - Orendi","robots":{"index":"index","follow":"follow","max-snippet":"max-snippet:-1","max-image-preview":"max-image-preview:large","max-video-preview":"max-video-preview:-1"},"canonical":"https:\/\/orendi.me\/sq\/our-brands\/","og_locale":"sq_AL","og_type":"article","og_title":"Brendet Tona - Orendi","og_description":"[vc_row][vc_column][orendi_brands title_ourprojects1=&#8221;DI\u00c7KA E RE GJDO DIT\u00cb&#8221; title_ourprojects2=&#8221;B&#038;T &#8211; DESIGN&#8221; title_ourprojects3=&#8221;DI\u00c7KA E RE GJDO DIT\u00cb&#8221; title_ourprojects4=&#8221;N\u00eb B&#038;T Design, ne e nisim \u00e7do dit\u00eb me nj\u00eb pyetje t\u00eb thjesht\u00eb: \u201c\u00c7far\u00eb mund t\u00eb b\u00ebjm\u00eb t\u00eb re sot q\u00eb do t\u00eb frym\u00ebzoj\u00eb njer\u00ebzit? Si rezultat i k\u00ebsaj pyetjeje, ne nuk dizajnojm\u00eb vet\u00ebm karrige, divane, pouf dhe tavolina, por edhe [&hellip;]","og_url":"https:\/\/orendi.me\/sq\/our-brands\/","og_site_name":"Orendi","article_modified_time":"2022-06-27T13:02:50+00:00","og_image":[{"width":2560,"height":1707,"url":"https:\/\/orendi.me\/wp-content\/uploads\/2022\/01\/2-1.jpeg","type":"image\/jpeg"}],"twitter_card":"summary_large_image","twitter_misc":{"Est. reading time":"1 minute"},"schema":{"@context":"https:\/\/schema.org","@graph":[{"@type":"WebPage","@id":"https:\/\/orendi.me\/sq\/our-brands\/","url":"https:\/\/orendi.me\/sq\/our-brands\/","name":"Brendet Tona - Orendi","isPartOf":{"@id":"https:\/\/orendi.me\/#website"},"primaryImageOfPage":{"@id":"https:\/\/orendi.me\/sq\/our-brands\/#primaryimage"},"image":{"@id":"https:\/\/orendi.me\/sq\/our-brands\/#primaryimage"},"thumbnailUrl":"https:\/\/orendi.me\/wp-content\/uploads\/2022\/01\/2-1.jpeg","datePublished":"2022-01-10T23:00:48+00:00","dateModified":"2022-06-27T13:02:50+00:00","inLanguage":"sq-AL","potentialAction":[{"@type":"ReadAction","target":["https:\/\/orendi.me\/sq\/our-brands\/"]}]},{"@type":"ImageObject","inLanguage":"sq-AL","@id":"https:\/\/orendi.me\/sq\/our-brands\/#primaryimage","url":"https:\/\/orendi.me\/wp-content\/uploads\/2022\/01\/2-1.jpeg","contentUrl":"https:\/\/orendi.me\/wp-content\/uploads\/2022\/01\/2-1.jpeg","width":2560,"height":1707},{"@type":"WebSite","@id":"https:\/\/orendi.me\/#website","url":"https:\/\/orendi.me\/","name":"Orendi","description":"Orendi","publisher":{"@id":"https:\/\/orendi.me\/#organization"},"potentialAction":[{"@type":"SearchAction","target":{"@type":"EntryPoint","urlTemplate":"https:\/\/orendi.me\/?s={search_term_string}"},"query-input":{"@type":"PropertyValueSpecification","valueRequired":true,"valueName":"search_term_string"}}],"inLanguage":"sq-AL"},{"@type":"Organization","@id":"https:\/\/orendi.me\/#organization","name":"Orendi","url":"https:\/\/orendi.me\/","logo":{"@type":"ImageObject","inLanguage":"sq-AL","@id":"https:\/\/orendi.me\/#\/schema\/logo\/image\/","url":"https:\/\/orendi.me\/wp-content\/uploads\/2022\/01\/logo.png","contentUrl":"https:\/\/orendi.me\/wp-content\/uploads\/2022\/01\/logo.png","width":300,"height":300,"caption":"Orendi"},"image":{"@id":"https:\/\/orendi.me\/#\/schema\/logo\/image\/"}}]}},"_links":{"self":[{"href":"https:\/\/orendi.me\/sq\/wp-json\/wp\/v2\/pages\/160","targetHints":{"allow":["GET"]}}],"collection":[{"href":"https:\/\/orendi.me\/sq\/wp-json\/wp\/v2\/pages"}],"about":[{"href":"https:\/\/orendi.me\/sq\/wp-json\/wp\/v2\/types\/page"}],"author":[{"embeddable":true,"href":"https:\/\/orendi.me\/sq\/wp-json\/wp\/v2\/users\/1"}],"replies":[{"embeddable":true,"href":"https:\/\/orendi.me\/sq\/wp-json\/wp\/v2\/comments?post=160"}],"version-history":[{"count":10,"href":"https:\/\/orendi.me\/sq\/wp-json\/wp\/v2\/pages\/160\/revisions"}],"predecessor-version":[{"id":461,"href":"https:\/\/orendi.me\/sq\/wp-json\/wp\/v2\/pages\/160\/revisions\/461"}],"wp:featuredmedia":[{"embeddable":true,"href":"https:\/\/orendi.me\/sq\/wp-json\/wp\/v2\/media\/150"}],"wp:attachment":[{"href":"https:\/\/orendi.me\/sq\/wp-json\/wp\/v2\/media?parent=160"}],"curies":[{"name":"wp","href":"https:\/\/api.w.org\/{rel}","templated":true}]}}