{"id":154,"date":"2022-01-10T22:52:06","date_gmt":"2022-01-10T22:52:06","guid":{"rendered":"https:\/\/orendi.me\/home\/"},"modified":"2022-04-11T14:53:00","modified_gmt":"2022-04-11T14:53:00","slug":"home","status":"publish","type":"page","link":"https:\/\/orendi.me\/sq\/","title":{"rendered":"Ballina"},"content":{"rendered":"<p>[vc_row][vc_column][orendi_slider title=&#8221;Mir\u00ebsevini&#8221; title_orendi=&#8221;Orendi&#8221; title_taste=&#8221;Me Shije&#8221; slides=&#8221;%5B%7B%22slide_image%22%3A%2234%22%7D%2C%7B%22slide_image%22%3A%2236%22%7D%2C%7B%22slide_image%22%3A%2237%22%7D%5D&#8221;][\/vc_column][\/vc_row][vc_row][vc_column][orendi_whyus title_whyus=&#8221;Pse ne?&#8221; title_customized=&#8221;Porosit\u00eb e personalizuara t\u00eb p\u00ebrshtatura sipas nevojave tuaja!&#8221; why_image=&#8221;11&#8243; iconshome=&#8221;%5B%7B%7D%5D&#8221;]Orendi LLC \u00ebsht\u00eb nj\u00eb objekt profesional i themeluar n\u00eb vitin 2014 n\u00eb Kosov\u00eb i fokusuar n\u00eb prodhimin e ve\u00e7ant\u00eb t\u00eb mobiljeve nga druri artificial dhe natyral, me vizion q\u00eb t\u00eb jet\u00eb nj\u00eb nga kompanit\u00eb m\u00eb inovative t\u00eb mobiljeve n\u00eb Kosov\u00eb.<\/p>\n<p>Ajo q\u00eb na dallon nga konkurrenca \u00ebsht\u00eb dizajni i produkteve t\u00eb dedikuara p\u00ebr \u00e7do klient q\u00eb ka nj\u00eb shije t\u00eb sofistikuar. Kujdesi p\u00ebr cil\u00ebsin\u00eb dhe detajet \u00ebsht\u00eb gjithashtu nj\u00eb tjet\u00ebr pik\u00eb e fort\u00eb e ekipit ton\u00eb. Orendi mund t\u00eb jet\u00eb \u00e7do gj\u00eb q\u00eb ne p\u00ebrdorim p\u00ebr t&#8217;u ulur, vendosur dekorime, elektronik\u00eb etj.<\/p>\n<p>[\/orendi_whyus][\/vc_column][\/vc_row][vc_row][vc_column][orendi_ourprojects title_ourprojects1=&#8221;Projektet&#8221; title_ourprojects2=&#8221;Tona&#8221; title_linkour=&#8221;M\u00eb shum\u00eb projekte&#8221; url=&#8221;url:https%3A%2F%2Forendi.me%2Fprojects%2F|title:Projects&#8221; link_ourprojects=&#8221;url:https%3A%2F%2Forendi.me%2Fprojects%2F|title:Projects&#8221;][\/vc_column][\/vc_row][vc_row][vc_column el_class=&#8221;grayColored&#8221;][orendi_whyus title_1=&#8221;Rreth&#8221; title_2=&#8221;Orendis\u00eb&#8221; title_whyus=&#8221;Ndjehu lirsh\u00ebm?&#8221; title_customized=&#8221;Porosit\u00eb e personalizuara t\u00eb punuara me shije!&#8221; iconshome=&#8221;%5B%7B%22icon_image%22%3A%2275%22%2C%22icon_subtitle%22%3A%22Hapi%201.%22%2C%22icon_title%22%3A%22Na%20kontaktoni%22%2C%22icon_text%22%3A%22Mund%20te%20na%20kontaktoni%20ne%20telefon%2C%20rrjete%20sociale%2C%20email.%22%7D%2C%7B%22icon_image%22%3A%2275%22%2C%22icon_subtitle%22%3A%22Hapi%202.%22%2C%22icon_title%22%3A%22Dizajni%22%2C%22icon_text%22%3A%22Bazuar%20n%C3%AB%20k%C3%ABrkesat%20e%20juaja%20dhe%20k%C3%ABrkesat%20e%20destinimit%20dhe%20lokacionit%2C%20ekipi%20jon%C3%AB%20profesional%20pregadit%C3%AB%20dizajnin%20tuaj%2C%20pastaj%20ju%20prezantojm%C3%AB%20dizajnin%20dhe%20ofert%C3%ABn.%22%7D%2C%7B%22icon_image%22%3A%2275%22%2C%22icon_subtitle%22%3A%22Hapi%203.%22%2C%22icon_title%22%3A%22Prodhimi%20dhe%20Montimi%22%2C%22icon_text%22%3A%22Ekipi%20jon%C3%AB%20profesional%20merret%20me%20prodhimin%20dhe%20montimin%20e%20detalizuar.%22%7D%5D&#8221;]Kompania jon\u00eb \u00ebsht\u00eb krijuar n\u00eb vitin 2014, ajo qka na dallon neve nga t\u00eb tjer\u00ebt \u00ebsht\u00eb orendit\u00eb moderne dhe inovacion.<\/p>\n<p>Ne kemi ekipin ton\u00eb t\u00eb arkitekt\u00ebve t\u00eb cil\u00ebt kryesisht merren me dizajnin e brendsh\u00ebm dhe mobiljet t\u00eb cilat i prodhojm\u00eb n\u00eb fabrik\u00ebn ton\u00eb. Ne gjithashtu merremi me importin e produkteve nd\u00ebrkomb\u00ebtare, t\u00eb cilat aktualisht jan\u00eb B&#038;T dhe Vondom.[\/orendi_whyus][\/vc_column][\/vc_row][vc_row][vc_column][orendi_clientlist title=&#8221;Klient\u00ebt&#8221; title_orendi=&#8221;Tan\u00eb&#8221; slides=&#8221;%5B%7B%22slide_image%22%3A%22239%22%7D%2C%7B%22slide_image%22%3A%2279%22%7D%2C%7B%22slide_image%22%3A%22243%22%7D%2C%7B%22slide_image%22%3A%22245%22%7D%2C%7B%22slide_image%22%3A%22247%22%7D%2C%7B%22slide_image%22%3A%22241%22%7D%5D&#8221;][\/vc_column][\/vc_row][vc_row][vc_column][orendi_video title=&#8221;Orendi.me&#8221; title_orendi=&#8221;Shije kam po ku me i gjet\u00eb&#8221; url=&#8221;url:https%3A%2F%2Fwww.youtube.com%2Fwatch%3Fv%3Df37pDh5hQsk&#8221;][\/vc_column][\/vc_row]<\/p>\n","protected":false},"excerpt":{"rendered":"<p>[vc_row][vc_column][orendi_slider title=&#8221;Mir\u00ebsevini&#8221; title_orendi=&#8221;Orendi&#8221; title_taste=&#8221;Me Shije&#8221; slides=&#8221;%5B%7B%22slide_image%22%3A%2234%22%7D%2C%7B%22slide_image%22%3A%2236%22%7D%2C%7B%22slide_image%22%3A%2237%22%7D%5D&#8221;][\/vc_column][\/vc_row][vc_row][vc_column][orendi_whyus title_whyus=&#8221;Pse ne?&#8221; title_customized=&#8221;Porosit\u00eb e personalizuara t\u00eb p\u00ebrshtatura sipas nevojave tuaja!&#8221; why_image=&#8221;11&#8243; iconshome=&#8221;%5B%7B%7D%5D&#8221;]Orendi LLC \u00ebsht\u00eb nj\u00eb objekt profesional i themeluar n\u00eb vitin 2014 n\u00eb Kosov\u00eb i fokusuar n\u00eb prodhimin e ve\u00e7ant\u00eb t\u00eb mobiljeve nga druri artificial dhe natyral, me vizion q\u00eb t\u00eb jet\u00eb nj\u00eb nga kompanit\u00eb m\u00eb inovative t\u00eb mobiljeve [&hellip;]<\/p>\n","protected":false},"author":1,"featured_media":0,"parent":0,"menu_order":0,"comment_status":"closed","ping_status":"closed","template":"","meta":{"inline_featured_image":false,"footnotes":""},"class_list":["post-154","page","type-page","status-publish","hentry"],"yoast_head":"<!-- This site is optimized with the Yoast SEO plugin v25.5 - https:\/\/yoast.com\/wordpress\/plugins\/seo\/ -->\n<title>Ballina - Orendi<\/title>\n<meta name=\"robots\" content=\"index, follow, max-snippet:-1, max-image-preview:large, max-video-preview:-1\" \/>\n<link rel=\"canonical\" href=\"https:\/\/orendi.me\/sq\/\" \/>\n<meta property=\"og:locale\" content=\"sq_AL\" \/>\n<meta property=\"og:type\" content=\"article\" \/>\n<meta property=\"og:title\" content=\"Ballina - Orendi\" \/>\n<meta property=\"og:description\" content=\"[vc_row][vc_column][orendi_slider title=&#8221;Mir\u00ebsevini&#8221; title_orendi=&#8221;Orendi&#8221; title_taste=&#8221;Me Shije&#8221; slides=&#8221;%5B%7B%22slide_image%22%3A%2234%22%7D%2C%7B%22slide_image%22%3A%2236%22%7D%2C%7B%22slide_image%22%3A%2237%22%7D%5D&#8221;][\/vc_column][\/vc_row][vc_row][vc_column][orendi_whyus title_whyus=&#8221;Pse ne?&#8221; title_customized=&#8221;Porosit\u00eb e personalizuara t\u00eb p\u00ebrshtatura sipas nevojave tuaja!&#8221; why_image=&#8221;11&#8243; iconshome=&#8221;%5B%7B%7D%5D&#8221;]Orendi LLC \u00ebsht\u00eb nj\u00eb objekt profesional i themeluar n\u00eb vitin 2014 n\u00eb Kosov\u00eb i fokusuar n\u00eb prodhimin e ve\u00e7ant\u00eb t\u00eb mobiljeve nga druri artificial dhe natyral, me vizion q\u00eb t\u00eb jet\u00eb nj\u00eb nga kompanit\u00eb m\u00eb inovative t\u00eb mobiljeve [&hellip;]\" \/>\n<meta property=\"og:url\" content=\"https:\/\/orendi.me\/sq\/\" \/>\n<meta property=\"og:site_name\" content=\"Orendi\" \/>\n<meta property=\"article:modified_time\" content=\"2022-04-11T14:53:00+00:00\" \/>\n<meta name=\"twitter:card\" content=\"summary_large_image\" \/>\n<meta name=\"twitter:label1\" content=\"Est. reading time\" \/>\n\t<meta name=\"twitter:data1\" content=\"1 minute\" \/>\n<script type=\"application\/ld+json\" class=\"yoast-schema-graph\">{\"@context\":\"https:\/\/schema.org\",\"@graph\":[{\"@type\":\"WebPage\",\"@id\":\"https:\/\/orendi.me\/sq\/\",\"url\":\"https:\/\/orendi.me\/sq\/\",\"name\":\"Ballina - Orendi\",\"isPartOf\":{\"@id\":\"https:\/\/orendi.me\/#website\"},\"datePublished\":\"2022-01-10T22:52:06+00:00\",\"dateModified\":\"2022-04-11T14:53:00+00:00\",\"inLanguage\":\"sq-AL\",\"potentialAction\":[{\"@type\":\"ReadAction\",\"target\":[\"https:\/\/orendi.me\/sq\/\"]}]},{\"@type\":\"WebSite\",\"@id\":\"https:\/\/orendi.me\/#website\",\"url\":\"https:\/\/orendi.me\/\",\"name\":\"Orendi\",\"description\":\"Orendi\",\"publisher\":{\"@id\":\"https:\/\/orendi.me\/#organization\"},\"potentialAction\":[{\"@type\":\"SearchAction\",\"target\":{\"@type\":\"EntryPoint\",\"urlTemplate\":\"https:\/\/orendi.me\/?s={search_term_string}\"},\"query-input\":{\"@type\":\"PropertyValueSpecification\",\"valueRequired\":true,\"valueName\":\"search_term_string\"}}],\"inLanguage\":\"sq-AL\"},{\"@type\":\"Organization\",\"@id\":\"https:\/\/orendi.me\/#organization\",\"name\":\"Orendi\",\"url\":\"https:\/\/orendi.me\/\",\"logo\":{\"@type\":\"ImageObject\",\"inLanguage\":\"sq-AL\",\"@id\":\"https:\/\/orendi.me\/#\/schema\/logo\/image\/\",\"url\":\"https:\/\/orendi.me\/wp-content\/uploads\/2022\/01\/logo.png\",\"contentUrl\":\"https:\/\/orendi.me\/wp-content\/uploads\/2022\/01\/logo.png\",\"width\":300,\"height\":300,\"caption\":\"Orendi\"},\"image\":{\"@id\":\"https:\/\/orendi.me\/#\/schema\/logo\/image\/\"}}]}<\/script>\n<!-- \/ Yoast SEO plugin. -->","yoast_head_json":{"title":"Ballina - Orendi","robots":{"index":"index","follow":"follow","max-snippet":"max-snippet:-1","max-image-preview":"max-image-preview:large","max-video-preview":"max-video-preview:-1"},"canonical":"https:\/\/orendi.me\/sq\/","og_locale":"sq_AL","og_type":"article","og_title":"Ballina - Orendi","og_description":"[vc_row][vc_column][orendi_slider title=&#8221;Mir\u00ebsevini&#8221; title_orendi=&#8221;Orendi&#8221; title_taste=&#8221;Me Shije&#8221; slides=&#8221;%5B%7B%22slide_image%22%3A%2234%22%7D%2C%7B%22slide_image%22%3A%2236%22%7D%2C%7B%22slide_image%22%3A%2237%22%7D%5D&#8221;][\/vc_column][\/vc_row][vc_row][vc_column][orendi_whyus title_whyus=&#8221;Pse ne?&#8221; title_customized=&#8221;Porosit\u00eb e personalizuara t\u00eb p\u00ebrshtatura sipas nevojave tuaja!&#8221; why_image=&#8221;11&#8243; iconshome=&#8221;%5B%7B%7D%5D&#8221;]Orendi LLC \u00ebsht\u00eb nj\u00eb objekt profesional i themeluar n\u00eb vitin 2014 n\u00eb Kosov\u00eb i fokusuar n\u00eb prodhimin e ve\u00e7ant\u00eb t\u00eb mobiljeve nga druri artificial dhe natyral, me vizion q\u00eb t\u00eb jet\u00eb nj\u00eb nga kompanit\u00eb m\u00eb inovative t\u00eb mobiljeve [&hellip;]","og_url":"https:\/\/orendi.me\/sq\/","og_site_name":"Orendi","article_modified_time":"2022-04-11T14:53:00+00:00","twitter_card":"summary_large_image","twitter_misc":{"Est. reading time":"1 minute"},"schema":{"@context":"https:\/\/schema.org","@graph":[{"@type":"WebPage","@id":"https:\/\/orendi.me\/sq\/","url":"https:\/\/orendi.me\/sq\/","name":"Ballina - Orendi","isPartOf":{"@id":"https:\/\/orendi.me\/#website"},"datePublished":"2022-01-10T22:52:06+00:00","dateModified":"2022-04-11T14:53:00+00:00","inLanguage":"sq-AL","potentialAction":[{"@type":"ReadAction","target":["https:\/\/orendi.me\/sq\/"]}]},{"@type":"WebSite","@id":"https:\/\/orendi.me\/#website","url":"https:\/\/orendi.me\/","name":"Orendi","description":"Orendi","publisher":{"@id":"https:\/\/orendi.me\/#organization"},"potentialAction":[{"@type":"SearchAction","target":{"@type":"EntryPoint","urlTemplate":"https:\/\/orendi.me\/?s={search_term_string}"},"query-input":{"@type":"PropertyValueSpecification","valueRequired":true,"valueName":"search_term_string"}}],"inLanguage":"sq-AL"},{"@type":"Organization","@id":"https:\/\/orendi.me\/#organization","name":"Orendi","url":"https:\/\/orendi.me\/","logo":{"@type":"ImageObject","inLanguage":"sq-AL","@id":"https:\/\/orendi.me\/#\/schema\/logo\/image\/","url":"https:\/\/orendi.me\/wp-content\/uploads\/2022\/01\/logo.png","contentUrl":"https:\/\/orendi.me\/wp-content\/uploads\/2022\/01\/logo.png","width":300,"height":300,"caption":"Orendi"},"image":{"@id":"https:\/\/orendi.me\/#\/schema\/logo\/image\/"}}]}},"_links":{"self":[{"href":"https:\/\/orendi.me\/sq\/wp-json\/wp\/v2\/pages\/154","targetHints":{"allow":["GET"]}}],"collection":[{"href":"https:\/\/orendi.me\/sq\/wp-json\/wp\/v2\/pages"}],"about":[{"href":"https:\/\/orendi.me\/sq\/wp-json\/wp\/v2\/types\/page"}],"author":[{"embeddable":true,"href":"https:\/\/orendi.me\/sq\/wp-json\/wp\/v2\/users\/1"}],"replies":[{"embeddable":true,"href":"https:\/\/orendi.me\/sq\/wp-json\/wp\/v2\/comments?post=154"}],"version-history":[{"count":13,"href":"https:\/\/orendi.me\/sq\/wp-json\/wp\/v2\/pages\/154\/revisions"}],"predecessor-version":[{"id":218,"href":"https:\/\/orendi.me\/sq\/wp-json\/wp\/v2\/pages\/154\/revisions\/218"}],"wp:attachment":[{"href":"https:\/\/orendi.me\/sq\/wp-json\/wp\/v2\/media?parent=154"}],"curies":[{"name":"wp","href":"https:\/\/api.w.org\/{rel}","templated":true}]}}